{"id":241975,"date":"2025-12-13T16:20:44","date_gmt":"2025-12-13T21:20:44","guid":{"rendered":"https:\/\/buildinglivescorp.com\/?page_id=241975"},"modified":"2025-12-22T15:55:40","modified_gmt":"2025-12-22T20:55:40","slug":"about-ariel","status":"publish","type":"page","link":"https:\/\/buildinglivescorp.com\/en\/about-ariel\/","title":{"rendered":"About Ariel"},"content":{"rendered":"<p>[et_pb_section fb_built=&#8221;1&#8243; _builder_version=&#8221;4.25.2&#8243; _module_preset=&#8221;default&#8221; background_enable_color=&#8221;off&#8221; background_image=&#8221;https:\/\/buildinglivescorp.com\/wp-content\/uploads\/2025\/12\/fondo-3-scaled.png&#8221; max_width=&#8221;100%&#8221; custom_margin=&#8221;||||false|false&#8221; custom_margin_tablet=&#8221;||||false|false&#8221; custom_margin_phone=&#8221;-80px||||false|false&#8221; custom_margin_last_edited=&#8221;on|phone&#8221; custom_padding=&#8221;|||10vw|false|false&#8221; locked=&#8221;off&#8221; global_colors_info=&#8221;{}&#8221;][et_pb_row _builder_version=&#8221;4.25.2&#8243; _module_preset=&#8221;default&#8221; custom_margin=&#8221;|||0px|false|false&#8221; custom_padding=&#8221;|||0px|false|false&#8221; global_colors_info=&#8221;{}&#8221;][et_pb_column type=&#8221;4_4&#8243; _builder_version=&#8221;4.25.2&#8243; _module_preset=&#8221;default&#8221; global_colors_info=&#8221;{}&#8221;][et_pb_text _builder_version=&#8221;4.25.2&#8243; _module_preset=&#8221;default&#8221; text_font=&#8221;Poppins|||on|||||&#8221; text_text_color=&#8221;#00d872&#8243; text_font_size=&#8221;24px&#8221; text_letter_spacing=&#8221;1px&#8221; custom_margin=&#8221;||10px||false|false&#8221; custom_padding=&#8221;||||false|false&#8221; text_font_size_tablet=&#8221;20px&#8221; text_font_size_phone=&#8221;18px&#8221; text_font_size_last_edited=&#8221;on|phone&#8221; global_colors_info=&#8221;{}&#8221;]<\/p>\n<p><strong>Construyendo juntos<\/strong><\/p>\n<p>[\/et_pb_text][et_pb_text _builder_version=&#8221;4.25.2&#8243; _module_preset=&#8221;default&#8221; text_font=&#8221;Poppins|700|||||||&#8221; text_text_color=&#8221;#FFFFFF&#8221; text_font_size=&#8221;54px&#8221; text_line_height=&#8221;1em&#8221; custom_margin=&#8221;20px||||false|false&#8221; text_font_size_tablet=&#8221;&#8221; text_font_size_phone=&#8221;32px&#8221; text_font_size_last_edited=&#8221;on|phone&#8221; global_colors_info=&#8221;{}&#8221;]<\/p>\n<p><span style=\"color: #ffffff;\">Ariel Delgado<\/span><\/p>\n<p>[\/et_pb_text][\/et_pb_column][\/et_pb_row][\/et_pb_section][et_pb_section fb_built=&#8221;1&#8243; custom_padding_last_edited=&#8221;on|phone&#8221; _builder_version=&#8221;4.25.2&#8243; _module_preset=&#8221;default&#8221; background_enable_color=&#8221;off&#8221; background_enable_image=&#8221;off&#8221; custom_margin=&#8221;0px|0px|0px|0px|false|false&#8221; custom_padding=&#8221;100px|0px|100px|10vw|false|false&#8221; custom_padding_tablet=&#8221;&#8221; custom_padding_phone=&#8221;|5vw|100px|10vw|false|false&#8221; link_option_url=&#8221;#promesas&#8221; border_radii=&#8221;off||||&#8221; border_radii_tablet=&#8221;off||||&#8221; border_radii_phone=&#8221;off||||0px&#8221; border_radii_last_edited=&#8221;on|desktop&#8221; global_colors_info=&#8221;{}&#8221;][et_pb_row column_structure=&#8221;1_2,1_2&#8243; use_custom_gutter=&#8221;on&#8221; gutter_width=&#8221;2&#8243; _builder_version=&#8221;4.25.2&#8243; _module_preset=&#8221;default&#8221; width=&#8221;90%&#8221; custom_margin=&#8221;|||0px|false|false&#8221; custom_margin_tablet=&#8221;|||0px|false|false&#8221; custom_margin_phone=&#8221;|||0px|false|false&#8221; custom_margin_last_edited=&#8221;on|phone&#8221; custom_padding=&#8221;0px||0px||false|false&#8221; global_colors_info=&#8221;{}&#8221;][et_pb_column type=&#8221;1_2&#8243; _builder_version=&#8221;4.25.2&#8243; _module_preset=&#8221;default&#8221; custom_padding=&#8221;||||false|false&#8221; global_colors_info=&#8221;{}&#8221;][et_pb_text _builder_version=&#8221;4.25.2&#8243; _module_preset=&#8221;default&#8221; text_font=&#8221;&#8211;et_global_body_font||||||||&#8221; text_text_color=&#8221;#000000&#8243; global_colors_info=&#8221;{}&#8221;]<\/p>\n<p data-start=\"2305\" data-end=\"2632\" style=\"text-align: left;\">Ariel Delgado lidera Building Lives, una organizaci\u00f3n de desarrollo humano y corporativo enfocada en fortalecer el <strong data-start=\"471\" data-end=\"484\">liderazgo<\/strong>, la <strong data-start=\"489\" data-end=\"507\">salud integral<\/strong> y la <strong data-start=\"513\" data-end=\"530\">productividad<\/strong> dentro de las empresas. Su enfoque parte de una convicci\u00f3n clara: el verdadero crecimiento organizacional sucede cuando las personas se sienten cuidadas, valoradas y guiadas con prop\u00f3sito.<\/p>\n<p>[\/et_pb_text][et_pb_text _builder_version=&#8221;4.25.2&#8243; _module_preset=&#8221;default&#8221; text_font=&#8221;&#8211;et_global_body_font|||on|||||&#8221; text_text_color=&#8221;#00d872&#8243; text_font_size=&#8221;24px&#8221; text_letter_spacing=&#8221;1px&#8221; custom_margin=&#8221;||10px||false|false&#8221; custom_padding=&#8221;||||false|false&#8221; text_font_size_tablet=&#8221;20px&#8221; text_font_size_phone=&#8221;18px&#8221; text_font_size_last_edited=&#8221;on|phone&#8221; global_colors_info=&#8221;{}&#8221;]<\/p>\n<p><strong>Mi Prop\u00f3sito<\/strong><\/p>\n<p>[\/et_pb_text][et_pb_text _builder_version=&#8221;4.25.2&#8243; _module_preset=&#8221;default&#8221; text_font=&#8221;&#8211;et_global_body_font||||||||&#8221; text_text_color=&#8221;#0a0a0a&#8221; global_colors_info=&#8221;{}&#8221;]<\/p>\n<p data-start=\"781\" data-end=\"1112\" style=\"text-align: left;\">Mi misi\u00f3n es <strong data-start=\"794\" data-end=\"824\">construir vidas saludables<\/strong> que fortalezcan familias y, a la vez, integren organizaciones m\u00e1s productivas. Trabajo con empresas que desean mejorar su cultura interna, elevar el bienestar del equipo y desarrollar l\u00edderes capaces de influir con empat\u00eda, responsabilidad y visi\u00f3n.<span class=\"\" data-state=\"closed\"><span class=\"ms-1 inline-flex max-w-full items-center relative top-[-0.094rem] animate-[show_150ms_ease-in]\" data-testid=\"webpage-citation-pill\"><\/span><\/span><\/p>\n<p>[\/et_pb_text][et_pb_text _builder_version=&#8221;4.25.2&#8243; _module_preset=&#8221;default&#8221; text_font=&#8221;&#8211;et_global_body_font|||on|||||&#8221; text_text_color=&#8221;#00d872&#8243; text_font_size=&#8221;24px&#8221; text_letter_spacing=&#8221;1px&#8221; custom_margin=&#8221;||10px||false|false&#8221; custom_padding=&#8221;||||false|false&#8221; text_font_size_tablet=&#8221;20px&#8221; text_font_size_phone=&#8221;18px&#8221; text_font_size_last_edited=&#8221;on|phone&#8221; global_colors_info=&#8221;{}&#8221;]<\/p>\n<p><strong>En qu\u00e9 creo<\/strong><\/p>\n<p>[\/et_pb_text][et_pb_text _builder_version=&#8221;4.25.2&#8243; _module_preset=&#8221;default&#8221; text_font=&#8221;&#8211;et_global_body_font||||||||&#8221; text_text_color=&#8221;#0a0a0a&#8221; global_colors_info=&#8221;{}&#8221;]<\/p>\n<p data-start=\"1135\" data-end=\"1210\" style=\"text-align: left;\">Creo que la transformaci\u00f3n real ocurre cuando se trabaja de forma integral:<\/p>\n<ul data-start=\"1212\" data-end=\"1419\" style=\"text-align: left;\">\n<li data-start=\"1212\" data-end=\"1284\">\n<p data-start=\"1214\" data-end=\"1284\"><strong data-start=\"1214\" data-end=\"1224\">Mente:<\/strong> claridad, enfoque, toma de decisiones, gesti\u00f3n emocional.<\/p>\n<\/li>\n<li data-start=\"1285\" data-end=\"1353\">\n<p data-start=\"1287\" data-end=\"1353\"><strong data-start=\"1287\" data-end=\"1298\">Cuerpo:<\/strong> h\u00e1bitos saludables, energ\u00eda, rendimiento sostenible.<\/p>\n<\/li>\n<li data-start=\"1354\" data-end=\"1419\">\n<p data-start=\"1356\" data-end=\"1419\"><strong data-start=\"1356\" data-end=\"1369\">Esp\u00edritu:<\/strong> prop\u00f3sito, valores, sentido de vida y conexi\u00f3n.<\/p>\n<\/li>\n<\/ul>\n<p data-start=\"1421\" data-end=\"1607\" style=\"text-align: left;\">Por eso, en Building Lives dise\u00f1amos experiencias que generan cambios aplicables, medibles y sostenibles, tanto en las personas como en los equipos.<\/p>\n<p>[\/et_pb_text][\/et_pb_column][et_pb_column type=&#8221;1_2&#8243; _builder_version=&#8221;4.25.2&#8243; _module_preset=&#8221;default&#8221; global_colors_info=&#8221;{}&#8221;][et_pb_image src=&#8221;https:\/\/buildinglivescorp.com\/wp-content\/uploads\/2025\/12\/Mente-Maestra-para-Empresariosb-Proposito-Empoderamiento-y-Ejecucion-8.webp&#8221; title_text=&#8221;Mente Maestra para Empresariosb Prop\u00f3sito, Empoderamiento y Ejecuci\u00f3n (8)&#8221; align=&#8221;center&#8221; force_fullwidth=&#8221;on&#8221; _builder_version=&#8221;4.25.2&#8243; _module_preset=&#8221;default&#8221; hover_enabled=&#8221;0&#8243; border_radii=&#8221;on|5px|5px|5px|5px&#8221; box_shadow_style=&#8221;preset1&#8243; global_colors_info=&#8221;{}&#8221; sticky_enabled=&#8221;0&#8243; max_height_last_edited=&#8221;on|desktop&#8221;][\/et_pb_image][\/et_pb_column][\/et_pb_row][\/et_pb_section][et_pb_section fb_built=&#8221;1&#8243; admin_label=&#8221;Secci\u00f3n Modal Popup Video&#8221; module_id=&#8221;ov-videoModal&#8221; module_class=&#8221;ov-modal-overlay&#8221; _builder_version=&#8221;4.25.2&#8243; _module_preset=&#8221;default&#8221; positioning=&#8221;fixed&#8221; z_index=&#8221;99999&#8243; width=&#8221;100%&#8221; height=&#8221;100%&#8221; custom_padding=&#8221;0px||0px||false|false&#8221; global_colors_info=&#8221;{}&#8221;][et_pb_row column_structure=&#8221;1_2,1_2&#8243; custom_padding_last_edited=&#8221;on|desktop&#8221; module_class=&#8221;ov-modal-content&#8221; _builder_version=&#8221;4.25.2&#8243; _module_preset=&#8221;default&#8221; background_color=&#8221;#FFFFFF&#8221; width=&#8221;90%&#8221; max_width=&#8221;800px&#8221; custom_padding=&#8221;20px|20px|20px|20px|true|true&#8221; custom_padding_tablet=&#8221;16px|16px|16px|16px|true|true&#8221; custom_padding_phone=&#8221;12px|12px|12px|12px|true|true&#8221; border_radii=&#8221;on|8px|8px|8px|8px&#8221; global_colors_info=&#8221;{}&#8221;][et_pb_column type=&#8221;1_2&#8243; _builder_version=&#8221;4.25.2&#8243; _module_preset=&#8221;default&#8221; global_colors_info=&#8221;{}&#8221;][et_pb_image src=&#8221;https:\/\/buildinglivescorp.com\/wp-content\/uploads\/2025\/11\/3A5485E2-C6F0-4751-B04E-1129BF803809-scaled.webp&#8221; title_text=&#8221;3A5485E2-C6F0-4751-B04E-1129BF803809&#8243; _builder_version=&#8221;4.25.2&#8243; _module_preset=&#8221;default&#8221; global_colors_info=&#8221;{}&#8221;][\/et_pb_image][\/et_pb_column][et_pb_column type=&#8221;1_2&#8243; _builder_version=&#8221;4.25.2&#8243; _module_preset=&#8221;default&#8221; custom_padding=&#8221;40px|||0px|false|false&#8221; global_colors_info=&#8221;{}&#8221;][et_pb_text module_class=&#8221;dp_subheading&#8221; _builder_version=&#8221;4.25.2&#8243; _module_preset=&#8221;default&#8221; text_font=&#8221;Poppins|||on|||||&#8221; text_text_color=&#8221;#003524&#8243; text_font_size=&#8221;24px&#8221; text_letter_spacing=&#8221;1px&#8221; custom_margin=&#8221;||10px||false|false&#8221; custom_padding=&#8221;||||false|false&#8221; text_font_size_tablet=&#8221;20px&#8221; text_font_size_phone=&#8221;18px&#8221; text_font_size_last_edited=&#8221;on|phone&#8221; global_colors_info=&#8221;{}&#8221;]<\/p>\n<p>CONECTAR<\/p>\n<p>[\/et_pb_text][et_pb_text _builder_version=&#8221;4.25.2&#8243; _module_preset=&#8221;default&#8221; text_font=&#8221;Poppins|700|||||||&#8221; text_text_color=&#8221;#25222E&#8221; text_font_size=&#8221;33px&#8221; text_line_height=&#8221;1.1em&#8221; max_width=&#8221;725px&#8221; custom_margin=&#8221;||20px||false|false&#8221; text_font_size_tablet=&#8221;&#8221; text_font_size_phone=&#8221;32px&#8221; text_font_size_last_edited=&#8221;on|phone&#8221; global_colors_info=&#8221;{}&#8221;]<\/p>\n<p style=\"text-align: left;\">El Poder de Crecer Juntos<\/p>\n<p>[\/et_pb_text][et_pb_code admin_label=&#8221;Boton cerrrar modal&#8221; _builder_version=&#8221;4.25.2&#8243; _module_preset=&#8221;default&#8221; positioning=&#8221;absolute&#8221; position_origin_a=&#8221;top_right&#8221; z_index=&#8221;99&#8243; width=&#8221;100%&#8221; global_colors_info=&#8221;{}&#8221;]<button class=\"ov-close-button\" onclick=\"closeModal()\">\u00d7<\/button>[\/et_pb_code][et_pb_text _builder_version=&#8221;4.25.2&#8243; _module_preset=&#8221;default&#8221; text_font=&#8221;|300|||||||&#8221; text_text_color=&#8221;rgba(37,34,46,0.5)&#8221; text_font_size=&#8221;20px&#8221; text_line_height=&#8221;1.5em&#8221; header_text_color=&#8221;#816FD2&#8243; header_4_font_size=&#8221;21px&#8221; header_4_line_height=&#8221;2.5em&#8221; max_width=&#8221;664px&#8221; text_font_size_tablet=&#8221;&#8221; text_font_size_phone=&#8221;16px&#8221; text_font_size_last_edited=&#8221;on|phone&#8221; global_colors_info=&#8221;{}&#8221;]<\/p>\n<p style=\"text-align: justify;\"><span style=\"color: rgba(37, 34, 46, 0.92);\">Estamos confiados de poder ayudarle. Construimos vidas saludables que conforman familias fortalecidas e integran organizaciones m\u00e1s productivas \u00a0<\/span><\/p>\n<p>[\/et_pb_text][dipi_button_grid flex_direction=&#8221;row&#8221; justify_content=&#8221;flex-start&#8221; _builder_version=&#8221;4.25.2&#8243; _module_preset=&#8221;default&#8221; module_alignment=&#8221;center&#8221; global_colors_info=&#8221;{}&#8221;][dipi_button_grid_child button_id=&#8221;Button One&#8221; button_text=&#8221;Cont\u00e1ctanos&#8221; button_link=&#8221;https:\/\/wa.me\/14057240309&#8243; _builder_version=&#8221;4.25.2&#8243; _module_preset=&#8221;default&#8221; custom_button=&#8221;on&#8221; button_text_size=&#8221;16px&#8221; button_text_color=&#8221;#F9F9FE&#8221; button_bg_use_color_gradient=&#8221;on&#8221; button_bg_color_gradient_direction=&#8221;89deg&#8221; button_bg_color_gradient_stops=&#8221;#003524 0%|#008f66 100%&#8221; button_bg_color_gradient_start=&#8221;#816fd2&#8243; button_bg_color_gradient_end=&#8221;#c989da&#8221; button_border_width=&#8221;0px&#8221; button_border_radius=&#8221;100px&#8221; button_font=&#8221;Poppins|||on|||||&#8221; button_use_icon=&#8221;off&#8221; button_custom_padding=&#8221;12px|30px|12px|30px|false|false&#8221; button_custom_padding_tablet=&#8221;&#8221; button_custom_padding_phone=&#8221;15px|20px|15px|20px|false|false&#8221; button_custom_padding_last_edited=&#8221;on|phone&#8221; transform_translate_linked__hover=&#8221;off&#8221; custom_margin=&#8221;|||0px|false|false&#8221; button_text_size_tablet=&#8221;&#8221; button_text_size_phone=&#8221;13px&#8221; button_text_size_last_edited=&#8221;on|phone&#8221; global_colors_info=&#8221;{}&#8221; button_bg_color__hover_enabled=&#8221;off|hover&#8221; button_bg_color_gradient_start__hover=&#8221;#816fd2&#8243; button_bg_use_color_gradient__hover=&#8221;on&#8221; button_bg_color_gradient_end__hover=&#8221;#c989da&#8221; transform_styles__hover_enabled=&#8221;on|hover&#8221; transform_scale__hover_enabled=&#8221;on|desktop&#8221; transform_translate__hover_enabled=&#8221;on|hover&#8221; transform_rotate__hover_enabled=&#8221;on|desktop&#8221; transform_skew__hover_enabled=&#8221;on|desktop&#8221; transform_origin__hover_enabled=&#8221;on|desktop&#8221; transform_scale__hover=&#8221;105%|105%&#8221; button_bg_color_gradient_stops__hover=&#8221;#816fd2 0%|#c989da 100%&#8221;][\/dipi_button_grid_child][\/dipi_button_grid][\/et_pb_column][\/et_pb_row][\/et_pb_section]<\/p>\n","protected":false},"excerpt":{"rendered":"<p>Get a free Divi Pixel Layout Pack with over 15 beautiful page layouts, logo, 45 line style icons and more! Build a website of your dream with the Divi Pixel plugin.<\/p>","protected":false},"author":2,"featured_media":0,"parent":0,"menu_order":0,"comment_status":"closed","ping_status":"closed","template":"","meta":{"_et_pb_use_builder":"on","_et_pb_old_content":"<!-- wp:paragraph -->\n<p>This is an example page. It's different from a blog post because it will stay in one place and will show up in your site navigation (in most themes). Most people start with an About page that introduces them to potential site visitors. It might say something like this:<\/p>\n<!-- \/wp:paragraph --><!-- wp:quote -->\n<blockquote class=\"wp-block-quote\">\n<p>Hi there! I'm a bike messenger by day, aspiring actor by night, and this is my website. I live in Los Angeles, have a great dog named Jack, and I like pi\u00f1a coladas. (And gettin' caught in the rain.)<\/p>\n<\/blockquote>\n<!-- \/wp:quote --><!-- wp:paragraph -->\n<p>...or something like this:<\/p>\n<!-- \/wp:paragraph --><!-- wp:quote -->\n<blockquote class=\"wp-block-quote\">\n<p>The XYZ Doohickey Company was founded in 1971, and has been providing quality doohickeys to the public ever since. Located in Gotham City, XYZ employs over 2,000 people and does all kinds of awesome things for the Gotham community.<\/p>\n<\/blockquote>\n<!-- \/wp:quote --><!-- wp:paragraph -->\n<p>As a new WordPress user, you should go to <a href=\"https:\/\/demo.divi-pixel.com\/creative\/wp-admin\/\">your dashboard<\/a> to delete this page and create new pages for your content. Have fun!<\/p>\n<!-- \/wp:paragraph -->","_et_gb_content_width":"","footnotes":""},"dipi_cpt_category":[],"class_list":["post-241975","page","type-page","status-publish","hentry"],"_links":{"self":[{"href":"https:\/\/buildinglivescorp.com\/en\/wp-json\/wp\/v2\/pages\/241975","targetHints":{"allow":["GET"]}}],"collection":[{"href":"https:\/\/buildinglivescorp.com\/en\/wp-json\/wp\/v2\/pages"}],"about":[{"href":"https:\/\/buildinglivescorp.com\/en\/wp-json\/wp\/v2\/types\/page"}],"author":[{"embeddable":true,"href":"https:\/\/buildinglivescorp.com\/en\/wp-json\/wp\/v2\/users\/2"}],"replies":[{"embeddable":true,"href":"https:\/\/buildinglivescorp.com\/en\/wp-json\/wp\/v2\/comments?post=241975"}],"version-history":[{"count":23,"href":"https:\/\/buildinglivescorp.com\/en\/wp-json\/wp\/v2\/pages\/241975\/revisions"}],"predecessor-version":[{"id":242289,"href":"https:\/\/buildinglivescorp.com\/en\/wp-json\/wp\/v2\/pages\/241975\/revisions\/242289"}],"wp:attachment":[{"href":"https:\/\/buildinglivescorp.com\/en\/wp-json\/wp\/v2\/media?parent=241975"}],"wp:term":[{"taxonomy":"dipi_cpt_category","embeddable":true,"href":"https:\/\/buildinglivescorp.com\/en\/wp-json\/wp\/v2\/dipi_cpt_category?post=241975"}],"curies":[{"name":"wp","href":"https:\/\/api.w.org\/{rel}","templated":true}]}}